{"id":102,"date":"2020-10-01T15:48:00","date_gmt":"2020-10-01T15:48:00","guid":{"rendered":"http:\/\/www.umjl.fss.ukf.sk\/translanguaging\/?page_id=102"},"modified":"2020-10-08T12:37:52","modified_gmt":"2020-10-08T12:37:52","slug":"temahoz-kapcsolodo-tanulmanyok","status":"publish","type":"page","link":"http:\/\/www.umjl.fss.ukf.sk\/translanguaging\/temahoz-kapcsolodo-tanulmanyok\/","title":{"rendered":"Related studies"},"content":{"rendered":"<p><a href=\"http:\/\/www.umjl.fss.ukf.sk\/translanguaging\/wp-content\/uploads\/2020\/10\/Heltai_Heteroglosszia_cigany_roma_tanulok_besze.pdf\">Heltai J\u00e1nos Imre \u2013 Heteroglosszia: cig\u00e1ny\/roma tanul\u00f3k besz\u00e9dm\u00f3dja az iskol\u00e1ban<\/a><\/p>\n","protected":false},"excerpt":{"rendered":"<p>Heltai J\u00e1nos Imre \u2013 Heteroglosszia: cig\u00e1ny\/roma tanul\u00f3k besz\u00e9dm\u00f3dja az iskol\u00e1ban<\/p>\n","protected":false},"author":1,"featured_media":0,"parent":0,"menu_order":0,"comment_status":"closed","ping_status":"closed","template":"template-full-width-page.php","meta":[],"_links":{"self":[{"href":"http:\/\/www.umjl.fss.ukf.sk\/translanguaging\/wp-json\/wp\/v2\/pages\/102"}],"collection":[{"href":"http:\/\/www.umjl.fss.ukf.sk\/translanguaging\/wp-json\/wp\/v2\/pages"}],"about":[{"href":"http:\/\/www.umjl.fss.ukf.sk\/translanguaging\/wp-json\/wp\/v2\/types\/page"}],"author":[{"embeddable":true,"href":"http:\/\/www.umjl.fss.ukf.sk\/translanguaging\/wp-json\/wp\/v2\/users\/1"}],"replies":[{"embeddable":true,"href":"http:\/\/www.umjl.fss.ukf.sk\/translanguaging\/wp-json\/wp\/v2\/comments?post=102"}],"version-history":[{"count":4,"href":"http:\/\/www.umjl.fss.ukf.sk\/translanguaging\/wp-json\/wp\/v2\/pages\/102\/revisions"}],"predecessor-version":[{"id":189,"href":"http:\/\/www.umjl.fss.ukf.sk\/translanguaging\/wp-json\/wp\/v2\/pages\/102\/revisions\/189"}],"wp:attachment":[{"href":"http:\/\/www.umjl.fss.ukf.sk\/translanguaging\/wp-json\/wp\/v2\/media?parent=102"}],"curies":[{"name":"wp","href":"https:\/\/api.w.org\/{rel}","templated":true}]}}